{"id":29781,"date":"2025-06-12T16:11:53","date_gmt":"2025-06-12T14:11:53","guid":{"rendered":"https:\/\/www.salondumariage.fr\/billetterie\/produit\/"},"modified":"2025-06-12T16:11:53","modified_gmt":"2025-06-12T14:11:53","slug":"billet-dentree-2024-tarif-reduit-3","status":"publish","type":"product","link":"https:\/\/www.salondumariage.fr\/billetterie\/produit\/billet-dentree-2024-tarif-reduit-3\/","title":{"rendered":"Billet d&#8217;entr\u00e9e 2024 (tarif r\u00e9duit)"},"content":{"rendered":"","protected":false},"excerpt":{"rendered":"<p>Billet valable pour une personne.<\/p>\n<p>\u00c0 PR\u00c9SENTER \u00c0 L&#8217;ENTR\u00c9E DU SALON<\/p>\n<p><img decoding=\"async\" loading=\"lazy\" class=\"alignnone wp-image-16184 size-full\" src=\"https:\/\/www.salondumariage.fr\/billetterie\/wp-content\/uploads\/2023\/06\/puce.jpg\" alt=\"\" width=\"18\" height=\"17\" \/> 1 Boulevard des Cit\u00e9s Unies &#8211; 59777 Lille &#8211; Hall Londres<br \/>\n<img decoding=\"async\" loading=\"lazy\" class=\"alignnone size-full wp-image-16184\" src=\"https:\/\/www.salondumariage.fr\/billetterie\/wp-content\/uploads\/2023\/06\/puce.jpg\" alt=\"\" width=\"18\" height=\"17\" \/> Samedi 23 et dimanche 24 Novembre 2024<br \/>\n<img decoding=\"async\" loading=\"lazy\" class=\"alignnone size-full wp-image-16184\" src=\"https:\/\/www.salondumariage.fr\/billetterie\/wp-content\/uploads\/2023\/06\/puce.jpg\" alt=\"\" width=\"18\" height=\"17\" \/> 10h \u00e0 18h<\/p>\n","protected":false},"featured_media":25288,"template":"","meta":[],"_links":{"self":[{"href":"https:\/\/www.salondumariage.fr\/billetterie\/wp-json\/wp\/v2\/product\/29781"}],"collection":[{"href":"https:\/\/www.salondumariage.fr\/billetterie\/wp-json\/wp\/v2\/product"}],"about":[{"href":"https:\/\/www.salondumariage.fr\/billetterie\/wp-json\/wp\/v2\/types\/product"}],"wp:featuredmedia":[{"embeddable":true,"href":"https:\/\/www.salondumariage.fr\/billetterie\/wp-json\/wp\/v2\/media\/25288"}],"wp:attachment":[{"href":"https:\/\/www.salondumariage.fr\/billetterie\/wp-json\/wp\/v2\/media?parent=29781"}],"curies":[{"name":"wp","href":"https:\/\/api.w.org\/{rel}","templated":true}]}}