{"id":20278,"date":"2024-07-08T16:11:53","date_gmt":"2024-07-08T14:11:53","guid":{"rendered":"https:\/\/www.salondumariage.fr\/billetterie\/?post_type=product&#038;p=20278"},"modified":"2024-07-08T16:12:52","modified_gmt":"2024-07-08T14:12:52","slug":"invitation-2024","status":"publish","type":"product","link":"https:\/\/www.salondumariage.fr\/billetterie\/produit\/invitation-2024\/","title":{"rendered":"Invitation 2024"},"content":{"rendered":"","protected":false},"excerpt":{"rendered":"<p>Billet valable pour une personne. Toute sortie est d\u00e9finitive.<\/p>\n<p><strong>Horaires du salon :<\/strong><br \/>\nSamedi 25 Novembre 2023 : 10h \u00e0 18h<br \/>\nDimanche 26 Novembre 2023 : 10h \u00e0 18h<\/p>\n<p>\u00c0 PR\u00c9SENTER \u00c0 L&#8217;ENTR\u00c9E DU SALON<\/p>\n","protected":false},"featured_media":4095,"template":"","meta":[],"_links":{"self":[{"href":"https:\/\/www.salondumariage.fr\/billetterie\/wp-json\/wp\/v2\/product\/20278"}],"collection":[{"href":"https:\/\/www.salondumariage.fr\/billetterie\/wp-json\/wp\/v2\/product"}],"about":[{"href":"https:\/\/www.salondumariage.fr\/billetterie\/wp-json\/wp\/v2\/types\/product"}],"wp:featuredmedia":[{"embeddable":true,"href":"https:\/\/www.salondumariage.fr\/billetterie\/wp-json\/wp\/v2\/media\/4095"}],"wp:attachment":[{"href":"https:\/\/www.salondumariage.fr\/billetterie\/wp-json\/wp\/v2\/media?parent=20278"}],"curies":[{"name":"wp","href":"https:\/\/api.w.org\/{rel}","templated":true}]}}