{"id":10946,"date":"2023-06-30T18:08:19","date_gmt":"2023-06-30T16:08:19","guid":{"rendered":"https:\/\/www.salondumariage.fr\/billetterie\/?post_type=product&#038;p=10946"},"modified":"2023-07-18T10:21:41","modified_gmt":"2023-07-18T08:21:41","slug":"invitation-2023","status":"publish","type":"product","link":"https:\/\/www.salondumariage.fr\/billetterie\/produit\/invitation-2023\/","title":{"rendered":"Invitation 2023"},"content":{"rendered":"","protected":false},"excerpt":{"rendered":"<p>Billet valable pour une personne. Toute sortie est d\u00e9finitive.<\/p>\n<p><strong>Horaires du salon :<\/strong><br \/>\nSamedi 25 Novembre 2023 : 10h \u00e0 18h<br \/>\nDimanche 26 Novembre 2023 : 10h \u00e0 18h<\/p>\n<p>\u00c0 PR\u00c9SENTER \u00c0 L&#8217;ENTR\u00c9E DU SALON<\/p>\n","protected":false},"featured_media":4095,"template":"","meta":[],"_links":{"self":[{"href":"https:\/\/www.salondumariage.fr\/billetterie\/wp-json\/wp\/v2\/product\/10946"}],"collection":[{"href":"https:\/\/www.salondumariage.fr\/billetterie\/wp-json\/wp\/v2\/product"}],"about":[{"href":"https:\/\/www.salondumariage.fr\/billetterie\/wp-json\/wp\/v2\/types\/product"}],"wp:featuredmedia":[{"embeddable":true,"href":"https:\/\/www.salondumariage.fr\/billetterie\/wp-json\/wp\/v2\/media\/4095"}],"wp:attachment":[{"href":"https:\/\/www.salondumariage.fr\/billetterie\/wp-json\/wp\/v2\/media?parent=10946"}],"curies":[{"name":"wp","href":"https:\/\/api.w.org\/{rel}","templated":true}]}}