{"id":2933,"date":"2020-02-13T16:17:46","date_gmt":"2020-02-13T15:17:46","guid":{"rendered":"http:\/\/www.salondumariage.fr\/billetterie\/?page_id=2933"},"modified":"2024-07-10T20:58:39","modified_gmt":"2024-07-10T18:58:39","slug":"conditions-generales-de-vente","status":"publish","type":"page","link":"https:\/\/www.salondumariage.fr\/billetterie\/conditions-generales-de-vente\/","title":{"rendered":"Conditions G\u00e9n\u00e9rales de Vente"},"content":{"rendered":"<p><span style=\"color: #1f2122;\"><span style=\"font-family: Helvetica, sans-serif;\"><span style=\"font-size: x-large;\"><b>Article Pr\u00e9liminaire \u2013 Objet\u00a0:<\/b><\/span><\/span><\/span><\/p>\n<p><span style=\"font-family: Helvetica, sans-serif;\">Les pr\u00e9sentes conditions g\u00e9n\u00e9rales d\u00e9taillent les droits et obligations du site internet <\/span><span style=\"color: #0000ff;\"><u><a href=\"http:\/\/www.salondumariage.fr\/\" target=\"_top\" rel=\"noopener\"><span style=\"font-family: Helvetica, sans-serif;\">www.salondumariage.fr<\/span><\/a><\/u><\/span><span style=\"font-family: Helvetica, sans-serif;\"> relevant de la Soci\u00e9t\u00e9 SDPL, SALON DU MARIAGE ET DU PACS, SAMPA, soci\u00e9t\u00e9 anonyme simplifi\u00e9e au capital de 38 500 \u20ac, immatricul\u00e9e aupr\u00e8s du registre du commerce et des soci\u00e9t\u00e9s de LILLE METROPOLE sous le 429 880 016, et dont le si\u00e8ge social est situ\u00e9 au 269 all\u00e9e Chardin n\u00b036, 59650 VILLENEUVE D\u2019ASCQ, et de son client, dans le cadre de la vente des billets d\u2019entr\u00e9es au SALON DU MARIAGE de LILLE se tenant \u00e0 LILLE du 23 et 24 novembre 2024.<\/span><\/p>\n<p><span style=\"color: #1f2122;\"><span style=\"font-family: Helvetica, sans-serif;\"><span style=\"font-size: x-large;\"><b>Article 1 \u2013 Applications des conditions g\u00e9n\u00e9rales de vente.<\/b><\/span><\/span><\/span><\/p>\n<p><a name=\"_Hlk534711087\"><\/a> <span style=\"color: #444444;\"><span style=\"font-family: Helvetica, sans-serif;\"><span style=\"font-size: medium;\">Le site internet du Salon du Mariage de Lille www.salondumariage.fr offre la possibilit\u00e9 d\u2019acheter par internet des entr\u00e9es \u00e0 un tarif pr\u00e9f\u00e9rentiel permettant aux visiteurs de b\u00e9n\u00e9ficier d\u2019un acc\u00e8s au salon les <\/span><\/span><\/span><span style=\"font-family: Helvetica, sans-serif;\">23 et 24 novembre 2024 <\/span><span style=\"color: #444444;\"><span style=\"font-family: Helvetica, sans-serif;\"><span style=\"font-size: medium;\">pendant les heures d\u2019ouverture. Un billet donne droit \u00e0 une entr\u00e9e (toute sortie du salon \u00e9tant d\u00e9finitive) et est valable pour une seule des 2 dates (<\/span><\/span><\/span><span style=\"font-family: Helvetica, sans-serif;\">du 23 et 24 novembre 2024<\/span><span style=\"color: #444444;\"><span style=\"font-family: Helvetica, sans-serif;\"><span style=\"font-size: medium;\">). Le fait d\u2019acheter des billets par internet implique l\u2019adh\u00e9sion enti\u00e8re et sans r\u00e9serve aux pr\u00e9sentes conditions g\u00e9n\u00e9rales \u00e0 l\u2019exclusion de tous autres documents. Les pr\u00e9sentes conditions g\u00e9n\u00e9rales pr\u00e9valent sur toute autre condition sauf d\u00e9rogation \u00e9crite, formelle et expresse. Les pr\u00e9sentes conditions g\u00e9n\u00e9rales sont consultables sur le site internet.<\/span><\/span><\/span><\/p>\n<p><span style=\"color: #1f2122;\"><span style=\"font-family: Helvetica, sans-serif;\"><span style=\"font-size: x-large;\"><b>Article 2 \u2013 Modalit\u00e9s et enregistrement de la commande<\/b><\/span><\/span><\/span><\/p>\n<p><span style=\"color: #444444;\"><span style=\"font-family: Helvetica, sans-serif;\"><span style=\"font-size: medium;\">Le client d\u00e9clare avoir la capacit\u00e9 de conclure le pr\u00e9sent contrat, dont les conditions g\u00e9n\u00e9rales de vente sont pr\u00e9sent\u00e9es ci-apr\u00e8s. Pour passer une commande, chaque client devra \u00eatre identifi\u00e9 en compl\u00e9tant le formulaire pr\u00e9vu \u00e0 cet effet. Avant de valider d\u00e9finitivement une commande, le client aura un r\u00e9capitulatif de celle-ci avec la possibilit\u00e9 de v\u00e9rifier et modifier sa s\u00e9lection \u00e0 sa convenance. La commande de billet sur internet ne sera d\u00e9finitivement enregistr\u00e9e qu\u2019apr\u00e8s le paiement par internet via notre \u00e9tablissement bancaire. Ce dernier clic est assimil\u00e9 \u00e0 la signature manuscrite vis\u00e9e \u00e0 l\u2019article 1341 du code civil fran\u00e7ais ci-apr\u00e8s d\u00e9nomm\u00e9 le clic d\u2019acceptation. <\/span><\/span><\/span><\/p>\n<p><span style=\"color: #444444;\"><span style=\"font-family: Helvetica, sans-serif;\"><span style=\"font-size: medium;\">A compter du clic d\u2019acceptation, la commande est consid\u00e9r\u00e9e comme irr\u00e9vocable et ne peut \u00eatre remise en cause que dans les cas limitativement pr\u00e9vus ci-apr\u00e8s. Le client aura toutes possibilit\u00e9s avant cette derni\u00e8re validation de modifier sa commande ou corriger les \u00e9ventuelles erreurs.<\/span><\/span><\/span><\/p>\n<p><span style=\"color: #444444;\"><span style=\"font-family: Helvetica, sans-serif;\"><span style=\"font-size: medium;\">La commande de billet sur internet n\u2019est d\u00e9finitivement garantie qu\u2019\u00e0 r\u00e9ception de mail de confirmation comprenant le billet \u00e9lectronique \u00e0 imprimer.<\/span><\/span><\/span><\/p>\n<p><span style=\"color: #444444;\"><span style=\"font-family: Helvetica, sans-serif;\"><span style=\"font-size: medium;\">Le vendeur pourra refuser la vente en cas d\u2019indisponibilit\u00e9 des billets concern\u00e9s par la transaction.<\/span><\/span><\/span><\/p>\n<p><span style=\"color: #1f2122;\"><span style=\"font-family: Helvetica, sans-serif;\"><span style=\"font-size: x-large;\"><b>Article 3 \u2013 Confirmation de la commande<\/b><\/span><\/span><\/span><\/p>\n<p><span style=\"color: #444444;\"><span style=\"font-family: Helvetica, sans-serif;\"><span style=\"font-size: medium;\">A compter de l\u2019enregistrement de la commande pass\u00e9e, un email vous est envoy\u00e9 avec en pi\u00e8ces jointes la facture de la commande et le ou les billet(s) command\u00e9(s). Avant de se pr\u00e9senter \u00e0 l\u2019entr\u00e9e du Salon du Mariage de Lille Grand Palais, le client doit imprimer les billets ainsi achet\u00e9s en ligne ou les pr\u00e9senter sous forme num\u00e9rique. En cas d\u2019oubli, les billets ne pourront pas \u00eatre d\u00e9livr\u00e9s sur place.<\/span><\/span><\/span><\/p>\n<p><span style=\"color: #1f2122;\"><span style=\"font-family: Helvetica, sans-serif;\"><span style=\"font-size: x-large;\"><b>Article 4 \u2013 Les prix<\/b><\/span><\/span><\/span><\/p>\n<p><span style=\"color: #444444;\"><span style=\"font-family: Helvetica, sans-serif;\"><span style=\"font-size: medium;\">Les prix indiqu\u00e9s sur le site internet www.salondumariage.fr sont des prix TTC publics pr\u00e9f\u00e9rentiels qui donne droit \u00e0 une entr\u00e9e r\u00e9duite achet\u00e9e \u00e0 6 \u20ac (au lieu de 12 \u20ac sur place). Le seul mode de paiement accept\u00e9 dans le cadre des pr\u00e9sentes conditions g\u00e9n\u00e9rales de vente est la carte bancaire.<\/span><\/span><\/span><\/p>\n<p><span style=\"color: #1f2122;\"><span style=\"font-family: Helvetica, sans-serif;\"><span style=\"font-size: x-large;\"><b>Article 5 : Remboursement<\/b><\/span><\/span><\/span><\/p>\n<p><span style=\"color: #444444;\"><span style=\"font-family: Helvetica, sans-serif;\"><span style=\"font-size: medium;\">Le billet ne peut faire l\u2019objet d\u2019aucun remboursement, m\u00eame partiel, m\u00eame lorsque le d\u00e9tenteur n\u2019a pas visit\u00e9 le Salon du Mariage de Lille Grand Palais les 23 et 24 novembre 2024.<\/span><\/span><\/span><\/p>\n<p><span style=\"color: #444444;\"> <span style=\"font-family: Helvetica, sans-serif;\"><span style=\"font-size: medium;\">La responsabilit\u00e9 contractuelle du vendeur ne saurait \u00eatre engag\u00e9e en cas <\/span><\/span><\/span><span style=\"color: #444444;\"><span style=\"font-family: Helvetica, sans-serif;\"><span style=\"font-size: medium;\"><u><b>d\u2019inex\u00e9cution ou de mauvaise ex\u00e9cution du contrat de son fait ou en cas de force majeure, telle que d\u00e9finie par l\u2019article 1218 du Code Civil.<\/b><\/u><\/span><\/span><\/span><\/p>\n<p><span style=\"color: #1f2122;\"><span style=\"font-family: Helvetica, sans-serif;\"><span style=\"font-size: x-large;\"><b>Article 6 : Absence de droit de r\u00e9tractation<\/b><\/span><\/span><\/span><\/p>\n<p><span style=\"color: #444444;\"><span style=\"font-family: Helvetica, sans-serif;\"><span style=\"font-size: medium;\">L\u2019acheteur ne dispose d\u2019aucun droit de r\u00e9tractation.<\/span><\/span><\/span><\/p>\n<p>&nbsp;<\/p>\n<p><span style=\"color: #1f2122;\"><span style=\"font-family: Helvetica, sans-serif;\"><span style=\"font-size: x-large;\"><b>Article 7 : Donn\u00e9es personnelles<\/b><\/span><\/span><\/span><\/p>\n<p><span style=\"color: #444444;\"><span style=\"font-family: Helvetica, sans-serif;\"><span style=\"font-size: medium;\">Le Salon du Mariage de Lille se r\u00e9serve le droit de collecter des donn\u00e9es sur l\u2019utilisateur, notamment par l\u2019interm\u00e9diaire de formulaires. La collecte des donn\u00e9es par Le Salon du Mariage de Lille est n\u00e9cessaire \u00e0 la prise en compte des demandes de l\u2019utilisateur. En indiquant au Salon du Mariage de Lille son e-mail, l\u2019utilisateur pourra recevoir une confirmation de commande. L\u2019utilisateur sera susceptible de recevoir des offres du Salon du Mariage de Lille ainsi que des offres de partenaires commerciaux. Dans le cadre de la loi informatique et libert\u00e9 du 6 janvier 1978, les utilisateurs de ce site disposent d\u2019un droit d\u2019acc\u00e8s, de modification et de suppression concernant leurs donn\u00e9es personnelles. Ce droit peut s\u2019exercer en nous contactant ici :\u00a0<\/span><\/span><\/span><span style=\"color: #0000ff;\"><u><a href=\"https:\/\/www.salondumariage.fr\/infos-pratiques\/\" target=\"_top\" rel=\"noopener\">https:\/\/www.salondumariage.fr\/infos-pratiques\/<\/a><\/u><\/span><\/p>\n<p><span style=\"color: #1f2122;\"><span style=\"font-family: Helvetica, sans-serif;\"><span style=\"font-size: x-large;\"><b>Article 8 : Juridiction comp\u00e9tente en cas de litige<\/b><\/span><\/span><\/span><\/p>\n<p><span style=\"color: #1a1a1a;\"><span style=\"font-family: Helvetica, sans-serif;\">Tout litige, diff\u00e9rend ou toute r\u00e9clamation d\u00e9coulant de et\/ou li\u00e9(e) au pr\u00e9sent Contrat , y compris les questions portant sur son existence, son ex\u00e9cution, son interpr\u00e9tation, sa validit\u00e9 ou son annulation, la r\u00e9siliation ou la nullit\u00e9 de celui-ci, est soumis(e) \u00e0 la comp\u00e9tence exclusive du Tribunal de Commerce de\u00a0<\/span><\/span><span style=\"color: #000000;\"><span style=\"font-family: Helvetica, sans-serif;\">Lille M\u00e9tropole m\u00eame <\/span><\/span><span style=\"color: #1a1a1a;\"><span style=\"font-family: Helvetica, sans-serif;\">en cas d\u2019appel en garantie ou de pluralit\u00e9 de d\u00e9fendeurs.<\/span><\/span><\/p>\n<p><em><span style=\"color: #444444;\"><span style=\"font-family: Helvetica, sans-serif;\"><span style=\"font-size: medium;\">Derni\u00e8re mise \u00e0 jour de Conditions g\u00e9n\u00e9rales de vente \u2013 Salon du Mariage de Lille &#8211; le 18\/06\/2024.<\/span><\/span><\/span><\/em><\/p>\n","protected":false},"excerpt":{"rendered":"<p>Article Pr\u00e9liminaire \u2013 Objet\u00a0: Les pr\u00e9sentes conditions g\u00e9n\u00e9rales d\u00e9taillent les droits et obligations du site internet www.salondumariage.fr relevant de la Soci\u00e9t\u00e9 SDPL, SALON DU MARIAGE ET DU PACS, SAMPA, soci\u00e9t\u00e9&#8230;<\/p>\n","protected":false},"author":1,"featured_media":0,"parent":0,"menu_order":0,"comment_status":"closed","ping_status":"closed","template":"","meta":[],"_links":{"self":[{"href":"https:\/\/www.salondumariage.fr\/billetterie\/wp-json\/wp\/v2\/pages\/2933"}],"collection":[{"href":"https:\/\/www.salondumariage.fr\/billetterie\/wp-json\/wp\/v2\/pages"}],"about":[{"href":"https:\/\/www.salondumariage.fr\/billetterie\/wp-json\/wp\/v2\/types\/page"}],"author":[{"embeddable":true,"href":"https:\/\/www.salondumariage.fr\/billetterie\/wp-json\/wp\/v2\/users\/1"}],"replies":[{"embeddable":true,"href":"https:\/\/www.salondumariage.fr\/billetterie\/wp-json\/wp\/v2\/comments?post=2933"}],"version-history":[{"count":7,"href":"https:\/\/www.salondumariage.fr\/billetterie\/wp-json\/wp\/v2\/pages\/2933\/revisions"}],"predecessor-version":[{"id":25304,"href":"https:\/\/www.salondumariage.fr\/billetterie\/wp-json\/wp\/v2\/pages\/2933\/revisions\/25304"}],"wp:attachment":[{"href":"https:\/\/www.salondumariage.fr\/billetterie\/wp-json\/wp\/v2\/media?parent=2933"}],"curies":[{"name":"wp","href":"https:\/\/api.w.org\/{rel}","templated":true}]}}